











{"id":1660,"date":"2020-01-27T09:20:49","date_gmt":"2020-01-27T08:20:49","guid":{"rendered":"https:\/\/demodata.wpslash.com\/woofood:8080\/?page_id=2"},"modified":"2025-03-25T20:55:07","modified_gmt":"2025-03-25T19:55:07","slug":"info","status":"publish","type":"page","link":"https:\/\/pizzeria-daluca.ch\/shop\/info\/","title":{"rendered":"Info"},"content":{"rendered":"<blockquote class=\"wp-block-quote is-layout-flow wp-block-quote-is-layout-flow\" id=\"offnungszeiten\"><p><strong><mark style=\"background-color:rgba(0, 0, 0, 0)\" class=\"has-inline-color has-vivid-red-color\">\u00d6FFNUNGSZEITEN <\/mark><br>Montag:<\/strong> Geschlossen<br><strong>Dienstag &#8211; Sonntag:<\/strong> 10:00 &#8211; 24:00<br><meta charset=\"utf-8\"><\/p><\/blockquote><blockquote class=\"wp-block-quote is-layout-flow wp-block-quote-is-layout-flow\"><p><strong><mark style=\"background-color:rgba(0, 0, 0, 0)\" class=\"has-inline-color has-vivid-red-color\">LIEFERZEITEN<\/mark><\/strong><br><strong>Montag<\/strong>: Geschlossen<br><strong>Dienstag &#8211; Sonntag:<\/strong> 17:00 &#8211; 22:00 <\/p><\/blockquote><p><\/p><blockquote class=\"wp-block-quote is-layout-flow wp-block-quote-is-layout-flow\"><p><mark style=\"background-color:rgba(0, 0, 0, 0)\" class=\"has-inline-color has-vivid-red-color\"><strong>LIEFERZONEN<\/strong><\/mark><br><mark style=\"background-color:rgba(0, 0, 0, 0)\" class=\"has-inline-color has-luminous-vivid-amber-color\"><strong>Zone 1<\/strong> <\/mark><strong><mark style=\"background-color:rgba(0, 0, 0, 0)\" class=\"has-inline-color has-vivid-cyan-blue-color\">Gratislieferung: <\/mark><\/strong> Sch\u00f6tz, Wauwil, Egolzwil, Nebikon, Altishofen, Alberswil, <br>Ettiswil, Ebersecken, Ohmstal, Gettnau, Zell LU<br><strong><mark style=\"background-color:rgba(0, 0, 0, 0)\" class=\"has-inline-color has-luminous-vivid-amber-color\">Zone 2<\/mark><\/strong> <strong><mark style=\"background-color:rgba(0, 0, 0, 0)\" class=\"has-inline-color has-vivid-cyan-blue-color\">Ab CHF 30.-<\/mark><\/strong> Dagmersellen, Willisau, Richenthal<\/p><\/blockquote><blockquote class=\"wp-block-quote is-layout-flow wp-block-quote-is-layout-flow\"><p class=\"has-medium-font-size\"><strong><mark style=\"background-color:rgba(0, 0, 0, 0)\" class=\"has-inline-color has-vivid-red-color\">FLEISCHDEKLARATION<\/mark><\/strong><br>Rind=CH \u2013 Kalb=CH \u2013<br>Schwein=CH Poulet=CH<br>Fisch=Asien<\/p><cite>Wir geben Ihnen gerne m\u00fcndliche Auskunft \u00fcber allf\u00e4llige Allergene <br>Alle Preise verstehen sich Inkl. MwSt.<br>Alle Pizzen enthalten Oregano. Der Teig wird aus Wasser, Mehl, Hefe, Salz und Oliven\u00f6l von uns hergestellt.<\/cite><\/blockquote><h4 class=\"wp-block-heading\" id=\"kein-alkoholverkauf-unter-18-jahrenwir-verkaufen-keine-zigaretten-und-biere-an-unter-16-jahrige\"><mark style=\"background-color:rgba(0, 0, 0, 0)\" class=\"has-inline-color has-vivid-red-color\">Wir verkaufen keine Zigaretten und Biere an unter 16-j\u00e4hrige.<br>Wir verkaufen keinen Wein, Schaumwein und Alkohol an unter 18-J\u00e4hrige.<\/mark><\/h4><div style=\"height:26px\" aria-hidden=\"true\" class=\"wp-block-spacer\"><\/div><hr class=\"wp-block-separator has-css-opacity\"\/><p class=\"has-text-align-justify\">HIER SIND WIR<br><strong><mark style=\"background-color:rgba(0, 0, 0, 0)\" class=\"has-inline-color has-vivid-red-color\">da Luca Sch\u00f6tz<\/mark><br><\/strong>Nebikerstrasse 18<br>6247 Sch\u00f6tz<br>Tel. 041 980 33 05<\/p><iframe src=\"https:\/\/www.google.com\/maps\/embed?pb=!1m14!1m8!1m3!1d5424.466969378279!2d7.988628!3d47.172865!3m2!1i1024!2i768!4f13.1!3m3!1m2!1s0x479027e4664400cd%3A0x794a1ce04661d7a0!2sRestaurant%20Pizzeria%20Schl%C3%B6ssli%20Da%20Luca!5e0!3m2!1sde!2sch!4v1742412808577!5m2!1sde!2sch\" width=\"100%\" height=\"450\" style=\"border:0;\" allowfullscreen=\"\" loading=\"lazy\" referrerpolicy=\"no-referrer-when-downgrade\"><\/iframe><p><\/p>","protected":false},"excerpt":{"rendered":"<p>\u00d6FFNUNGSZEITEN Montag: GeschlossenDienstag &#8211; Sonntag: 10:00 &#8211; 24:00 LIEFERZEITENMontag: GeschlossenDienstag &#8211; Sonntag: 17:00 &#8211; 22:00 LIEFERZONENZone 1 Gratislieferung: Sch\u00f6tz, Wauwil, Egolzwil, Nebikon, Altishofen, Alberswil, Ettiswil, Ebersecken, Ohmstal, Gettnau, Zell LUZone 2 Ab CHF 30.- Dagmersellen, Willisau, Richenthal FLEISCHDEKLARATIONRind=CH \u2013 Kalb=CH \u2013Schwein=CH Poulet=CHFisch=Asien Wir geben Ihnen gerne m\u00fcndliche Auskunft \u00fcber allf\u00e4llige Allergene Alle Preise verstehen sich [&hellip;]<\/p>\n","protected":false},"author":1,"featured_media":0,"parent":0,"menu_order":0,"comment_status":"closed","ping_status":"closed","template":"","meta":{"footnotes":""},"class_list":["post-1660","page","type-page","status-publish","hentry"],"_links":{"self":[{"href":"https:\/\/pizzeria-daluca.ch\/shop\/wp-json\/wp\/v2\/pages\/1660","targetHints":{"allow":["GET"]}}],"collection":[{"href":"https:\/\/pizzeria-daluca.ch\/shop\/wp-json\/wp\/v2\/pages"}],"about":[{"href":"https:\/\/pizzeria-daluca.ch\/shop\/wp-json\/wp\/v2\/types\/page"}],"author":[{"embeddable":true,"href":"https:\/\/pizzeria-daluca.ch\/shop\/wp-json\/wp\/v2\/users\/1"}],"replies":[{"embeddable":true,"href":"https:\/\/pizzeria-daluca.ch\/shop\/wp-json\/wp\/v2\/comments?post=1660"}],"version-history":[{"count":35,"href":"https:\/\/pizzeria-daluca.ch\/shop\/wp-json\/wp\/v2\/pages\/1660\/revisions"}],"predecessor-version":[{"id":3800,"href":"https:\/\/pizzeria-daluca.ch\/shop\/wp-json\/wp\/v2\/pages\/1660\/revisions\/3800"}],"wp:attachment":[{"href":"https:\/\/pizzeria-daluca.ch\/shop\/wp-json\/wp\/v2\/media?parent=1660"}],"curies":[{"name":"wp","href":"https:\/\/api.w.org\/{rel}","templated":true}]}}