











{"id":2913,"date":"2022-01-30T09:22:19","date_gmt":"2022-01-30T08:22:19","guid":{"rendered":"https:\/\/pizzeria-daluca.ch\/shop\/?page_id=2913"},"modified":"2025-03-26T06:17:25","modified_gmt":"2025-03-26T05:17:25","slug":"ueber-uns","status":"publish","type":"page","link":"https:\/\/pizzeria-daluca.ch\/shop\/ueber-uns\/","title":{"rendered":"\u00dcBER UNS"},"content":{"rendered":"<h3 class=\"wp-block-heading has-vivid-red-color has-text-color\" id=\"nachricht-senden\"><\/h3><div class=\"wp-block-columns is-layout-flex wp-container-core-columns-is-layout-9d6595d7 wp-block-columns-is-layout-flex\"><div class=\"wp-block-column is-layout-flow wp-block-column-is-layout-flow\" style=\"flex-basis:100%\"><p>Als familiengef\u00fchrtes Restaurant legen wir besonderen Wert auf Gastfreundschaft, Qualit\u00e4t und ein gem\u00fctliches Ambiente, in dem sich jeder wohlf\u00fchlt.<\/p>\n\n<p>Unsere K\u00fcche vereint traditionelle italienische Spezialit\u00e4ten mit internationalen Highlights \u2013 von knuspriger Holzofenpizza und hausgemachter Pasta \u00fcber frischen Fisch, Cordon Bleu, authentischen mexikanischen K\u00f6stlichkeiten bis zum Entrec\u00f4te auf dem heissen Stein!<\/p>\n\n<p>Jede Speise wird mit frischen Zutaten und viel Liebe zubereitet.<\/p>\n\n<p>Ob ein gem\u00fctliches Essen zu zweit, ein fr\u00f6hliches Familienfest oder ein gro\u00dfes Firmenevent \u2013 wir freuen uns darauf, Sie bei uns willkommen zu hei\u00dfen und Ihnen unvergessliche Genussmomente zu bereiten!<\/p>\n\n<p><strong>Ihr Team von da Luca Sch\u00f6tz<\/strong><\/p><\/div><\/div><hr class=\"wp-block-separator has-css-opacity is-style-wide\"\/>","protected":false},"excerpt":{"rendered":"<p>Als familiengef\u00fchrtes Restaurant legen wir besonderen Wert auf Gastfreundschaft, Qualit\u00e4t und ein gem\u00fctliches Ambiente, in dem sich jeder wohlf\u00fchlt. Unsere K\u00fcche vereint traditionelle italienische Spezialit\u00e4ten mit internationalen Highlights \u2013 von knuspriger Holzofenpizza und hausgemachter Pasta \u00fcber frischen Fisch, Cordon Bleu, authentischen mexikanischen K\u00f6stlichkeiten bis zum Entrec\u00f4te auf dem heissen Stein! Jede Speise wird mit frischen [&hellip;]<\/p>\n","protected":false},"author":1,"featured_media":0,"parent":0,"menu_order":0,"comment_status":"closed","ping_status":"closed","template":"","meta":{"footnotes":""},"class_list":["post-2913","page","type-page","status-publish","hentry"],"_links":{"self":[{"href":"https:\/\/pizzeria-daluca.ch\/shop\/wp-json\/wp\/v2\/pages\/2913","targetHints":{"allow":["GET"]}}],"collection":[{"href":"https:\/\/pizzeria-daluca.ch\/shop\/wp-json\/wp\/v2\/pages"}],"about":[{"href":"https:\/\/pizzeria-daluca.ch\/shop\/wp-json\/wp\/v2\/types\/page"}],"author":[{"embeddable":true,"href":"https:\/\/pizzeria-daluca.ch\/shop\/wp-json\/wp\/v2\/users\/1"}],"replies":[{"embeddable":true,"href":"https:\/\/pizzeria-daluca.ch\/shop\/wp-json\/wp\/v2\/comments?post=2913"}],"version-history":[{"count":29,"href":"https:\/\/pizzeria-daluca.ch\/shop\/wp-json\/wp\/v2\/pages\/2913\/revisions"}],"predecessor-version":[{"id":3802,"href":"https:\/\/pizzeria-daluca.ch\/shop\/wp-json\/wp\/v2\/pages\/2913\/revisions\/3802"}],"wp:attachment":[{"href":"https:\/\/pizzeria-daluca.ch\/shop\/wp-json\/wp\/v2\/media?parent=2913"}],"curies":[{"name":"wp","href":"https:\/\/api.w.org\/{rel}","templated":true}]}}